{"id":270,"date":"2012-05-20T21:52:30","date_gmt":"2012-05-20T21:52:30","guid":{"rendered":"http:\/\/www.majesticoludeniz.com\/fethiye-2\/"},"modified":"2014-08-31T20:04:54","modified_gmt":"2014-08-31T20:04:54","slug":"fethiye","status":"publish","type":"page","link":"https:\/\/www.majesticoludeniz.com\/tr\/fethiye\/","title":{"rendered":"Fethiye"},"content":{"rendered":"<h1>Fethiye<\/h1>\n<p>\u201dAyd\u0131nl\u0131klar \u00dclkesi\u2019nin el de\u011fmemi\u015f bakiresi\u201d Fethiye, Akdeniz\u2019in i\u00e7inde irili ufakl\u0131 adalar\u0131n serpi\u015fti\u011fi\u00a0<strong>Fethiye<\/strong>\u00a0k\u00f6rfezinde arkas\u0131 \u00e7am ormanlar\u0131yla \u00e7evrili kuzeye a\u00e7\u0131k bir koyda yer al\u0131r. Kaya mezarlar\u0131 ve kale \u00f6n\u00fcnden bir d\u00fczl\u00fc\u011fe, Karag\u00f6zler\u2019den denize do\u011fru iner. Ufkunu \u015f\u00f6valye adas\u0131, G\u00fcnl\u00fckbar\u0131 ve kar\u015f\u0131lar\u0131ndaki da\u011flar olu\u015fturmaktad\u0131r.<\/p>\n<p>Fethiye, Persler, Likyal\u0131lar, Karyal\u0131lar, Romal\u0131lara ait eserleri ile tan\u0131nm\u0131\u015ft\u0131r. K\u00fclt\u00fcrel zenginli\u011fi, do\u011fal g\u00fczellikleri ve co\u011frafyas\u0131 ile \u00f6nemli turizm merkezlerimizdendir.<\/p>\n<p><strong>Tarih\u00e7e:<\/strong>Likya-Karya s\u0131n\u0131r\u0131nda bir k\u0131y\u0131 kenti olan bug\u00fcnk\u00fc Fethiye\u2019nin Antik \u00c7a\u011flardaki ad\u0131 Telmessosdur. Kurulu\u015funa ili\u015fkin kesin bir bilgiden yoksun oldu\u011fumuz kentin bilinen en eski yaz\u0131l\u0131 belgelere g\u00f6re M.\u00d6. V. y\u00fczy\u0131ldan beri var oldu\u011fu s\u00f6ylenebilir. Telmessos uzun s\u00fcre Likya\u2019dan ayr\u0131 ba\u011f\u0131ms\u0131z bir kent olarak varl\u0131\u011f\u0131n\u0131 s\u00fcrd\u00fcrd\u00fc. Kent s\u0131ras\u0131yla Pers, B\u00fcy\u00fck \u0130skender, Roma, Bergama Krall\u0131\u011f\u0131, Bizans, Mente\u015feo\u011fullar\u0131 ve Osmanl\u0131lar\u0131n egemenli\u011finde kalm\u0131\u015ft\u0131r.<\/p>\n<p><strong>\u0130klim:<\/strong>Y\u00f6rede, s\u0131cak ve kurak yazlar\u0131, \u0131l\u0131k ve ya\u011f\u0131\u015fl\u0131 k\u0131\u015flar\u0131 ile Akdeniz iklimi h\u00fck\u00fcm s\u00fcrmektedir. Yaz aylar\u0131nda 30 derece civar\u0131nda olan s\u0131cakl\u0131k, k\u0131\u015f\u0131n genellikle 10 derecenin \u00fczerindedir. Deniz suyu s\u0131cakl\u0131\u011f\u0131 hi\u00e7bir mevsimde 16 derecenin alt\u0131na d\u00fc\u015fmez.<\/p>\n<h2>ULA\u015eIM<\/h2>\n<p><strong>Karayolu:<\/strong>\u00a0Mu\u011fla, Antalya ve Burdur ba\u011flant\u0131l\u0131 \u00fc\u00e7 karayolu Fethiye\u2019yi T\u00fcrkiye\u2019nin b\u00fct\u00fcn kentlerine ula\u015ft\u0131r\u0131r.<\/p>\n<p>Terminal Tel: (+90-252) 262 46 87<\/p>\n<p>Havayolu:Havayolu ula\u015f\u0131m\u0131 i\u00e7in en yak\u0131n alan, 50 km. uzakl\u0131ktaki Dalaman ve 255 km. uzakl\u0131ktaki Bodrum havaalanlar\u0131d\u0131r. T\u00fcrk Hava Yollar\u0131n\u0131n yaz k\u0131\u015f s\u00fcrd\u00fcrd\u00fc\u011f\u00fc seferlerin yan\u0131 s\u0131ra, turizm sezonu boyunca pek \u00e7ok Avrupa kentinden d\u00fczenlenen u\u00e7u\u015flardan yararlanmak m\u00fcmk\u00fcnd\u00fcr. Yine \u00fc\u00e7 saatlik bir uzakl\u0131kta olan Antalya Havaalan\u0131 da Fethiye\u2019ye ula\u015f\u0131m\u0131 sa\u011flayan di\u011fer \u00f6nemli odak noktas\u0131d\u0131r.<\/p>\n<p><strong>Denizyolu:<\/strong>\u00a0\u00c7ok korunakl\u0131 bir do\u011fal yap\u0131ya sahip olan Fethiye Liman\u0131 b\u00fct\u00fcn yat\u00e7\u0131lar\u0131n u\u011frak yeridir. T\u00fcrk Denizyollar\u0131na ait gemiler de yaz aylar\u0131nda d\u00fczenlenen Akdeniz turlar\u0131nda Fethiye\u2019ye u\u011framaktad\u0131r.<\/p>\n<h2>GEZ\u0130LECEK YERLER<\/h2>\n<h3>Antik Kentler<\/h3>\n<p><strong>Gemiler Adas\u0131:<\/strong>\u00a0<strong>\u00d6l\u00fcdeniz<\/strong>\u00a0ya da Gemiler Koyu\u2019ndan teknelerle ula\u015f\u0131lan ada \u00fczerinde M.S. 5 -11. yy.lar aras\u0131 yap\u0131lm\u0131\u015f Bizans d\u00f6nemine ait kilise, \u015fapel sivil yap\u0131 kal\u0131nt\u0131lar\u0131 bulunmaktad\u0131r. H\u0131ristiyanl\u0131\u011f\u0131n ilk yay\u0131lma merkezlerinden biri olmas\u0131 nedeni ile \u00f6nem ta\u015f\u0131maktad\u0131r. St. Nicolas olarak da bilinen ada, Mavi Tur teknelerinin u\u011frak yeridir.<\/p>\n<p><strong>Araxa:<\/strong>\u00a0Fethiye\u2019ye 40 km. uzakl\u0131kta Antik Xanthos \u00c7ay\u0131n\u0131n \u00e7\u0131kt\u0131\u011f\u0131 yerde kurulmu\u015ftur. Bu ola\u011fan \u00fcst\u00fc su kayna\u011f\u0131 mitolojik \u00f6yk\u00fclere konu olmu\u015ftur. Bug\u00fcn \u00d6ren K\u00f6y\u00fc s\u0131n\u0131rlar\u0131 i\u00e7erisinde kalan kentten g\u00fcn\u00fcm\u00fcze sur kal\u0131nt\u0131lar\u0131, hamam ve Bizans d\u00f6nemine ait su yolu kalm\u0131\u015ft\u0131r.<\/p>\n<p><strong>Tlos:<\/strong>\u00a0Fethiye\u2019ye 45 km. uzakl\u0131ktad\u0131r. Likya Federe Birli\u011finin 6 b\u00fcy\u00fck kentinden biri ve birli\u011fin \u201dspor merkezi\u201d dir. U\u00e7an kanatl\u0131 at\u0131 Pegasus ile \u00fcnlenen Mitolojik kahraman Bellaforonte\u2019nin ya\u015fad\u0131\u011f\u0131 kent olarak bilinir. Likya b\u00f6lgesindeki en eski kent oldu\u011fu ve kurulu\u015funun \u0130.\u00d6. 2000\u2032lerden \u00f6nceye dayand\u0131\u011f\u0131 arkeoloji kaz\u0131lar\u0131 ile tespit edilmi\u015ftir. Kent akropol\u00fcn\u00fcn do\u011fal kayas\u0131 \u00fczerinde olu\u015fturulan mezarl\u0131\u011f\u0131, Likya\u2019n\u0131n en g\u00fczel ev tipi mezarlar\u0131 ile s\u00fcslenmi\u015ftir. Nekropoldeki \u0130.\u00d6. yy.a tarihlenen kral tipi mezar\u0131n ise Bellaforonte\u2019ye adand\u0131\u011f\u0131 bilinir.<\/p>\n<p><strong>Letoon:<\/strong>\u00a0Fethiye\u2019ye 55 km. uzakl\u0131kta, Likya Federe Birli\u011finin dinsel merkezidir. Tanr\u0131\u00e7a Leto,Tanr\u0131\u00e7a Artemis ve Tanr\u0131\u00e7a Apollon\u2019a adanm\u0131\u015f 3 tap\u0131na\u011f\u0131 ile \u00fcnl\u00fcd\u00fcr. Arkeoloji kaz\u0131lar\u0131 1962 y\u0131l\u0131ndan bu yana s\u00fcrd\u00fcr\u00fclen Letoon\u2019da b\u00f6lgenin erken H\u0131ristiyanl\u0131k d\u00f6nemine ili\u015fkin kiliseleri de ortaya \u00e7\u0131kart\u0131lm\u0131\u015ft\u0131r.<\/p>\n<p><strong>Pinara:<\/strong>\u00a0Akda\u011f\u2019\u0131n eteklerinde Fethiye\u2019ye 55 km uzakl\u0131ktad\u0131r. Likya\u2019n\u0131n en b\u00fcy\u00fck kentlerinden biridir. B\u00f6lgedeki ilk g\u00fczellik yar\u0131\u015fmas\u0131n\u0131n yap\u0131ld\u0131\u011f\u0131 kent olarak bilinir ve tanr\u0131\u00e7a Afrodit\u2019e adanan ilgin\u00e7 mimari \u00f6zellikteki tap\u0131na\u011f\u0131 ile \u00f6nem kazanm\u0131\u015ft\u0131r. Y\u00fczlerce \u201dg\u00fcvercin yuvas\u0131\u201d bi\u00e7iminde haz\u0131rlanm\u0131\u015f halk tipi mezarlar\u0131 Nekropolis\u2019ini benzersiz k\u0131lar.<\/p>\n<p><strong>Cadianda:<\/strong>\u00a0Fethiye\u2019den 25 km. uzakl\u0131ktaki \u00dcz\u00fcml\u00fc s\u0131n\u0131rlar\u0131ndad\u0131r. Likya Federe Birli\u011fine en son kat\u0131lan kent olarak bilinir. \u0130lgin\u00e7 fizik yap\u0131s\u0131 i\u00e7inde kurulan kent do\u011fal nedenlerle olduk\u00e7a y\u0131pranm\u0131\u015ft\u0131r. Fethiye M\u00fczesince ger\u00e7ekle\u015ftirilen kaz\u0131lar sonras\u0131 ortaya \u00e7\u0131kan Tiyatrosu, Agoras\u0131,Stadyum-Hamam kompleksi ve an\u0131t mezarlar\u0131 ile son y\u0131llarda b\u00f6lgenin ilgi oda\u011f\u0131 haline gelmi\u015ftir.<\/p>\n<p><strong>Kayak\u00f6y:<\/strong>\u00a0Kurulu\u015fu kesin olarak bilinmeyen ve depremler sonucu birka\u00e7 ev tipi mezar\u0131 d\u0131\u015f\u0131nda b\u00fct\u00fcn\u00fcyle yok olan antik Karmillassos\u2019un \u00fczerinde 14. yy. dan ba\u015flayarak kurulmu\u015f bir Rum yerle\u015fimidir. Eski ad\u0131 Levissi\u2019dir Ya\u015fam\u0131 boyunca \u00e7evresindeki be\u015f T\u00fcrk k\u00f6y\u00fcn\u00fcn halk\u0131 ile b\u00fct\u00fcnle\u015fen ve dostluk, karde\u015flik, bar\u0131\u015f kavramlar\u0131 \u00fczerinde insanl\u0131k dersleri veren Kaya k\u00f6y b\u00f6lgemizin gurur kaynaklar\u0131ndan biridir. 1922 y\u0131l\u0131nda T\u00fcrk ve Yunan h\u00fck\u00fcmetleri aras\u0131nda imzalanan bir \u201dn\u00fcfus de\u011fi\u015fimi\u201d anla\u015fmas\u0131 uyar\u0131nca, Kaya k\u00f6y\u00fcn Rum ahalisi ile Bat\u0131 Trakya\u2019da ya\u015fayan T\u00fcrk ahali kar\u015f\u0131l\u0131kl\u0131 olarak yer de\u011fi\u015ftirmi\u015ftir.<\/p>\n<p><strong>Telmessos Antik Tiyatrosu:<\/strong>\u00a0Antik kaynaklar Telmessos\u2019da b\u00fcy\u00fck bir tiyatronun oldu\u011fundan bahsetmekteydi. 1993 y\u0131l\u0131nda Fethiye M\u00fcze M\u00fcd\u00fcrl\u00fc\u011f\u00fc ba\u015fkanl\u0131\u011f\u0131nda yap\u0131lan sondaj kaz\u0131lar\u0131nda erozyonla dolmu\u015f olan 3-4 metrelik toprak tabakas\u0131 alt\u0131nda tiyatronun oturma s\u0131ralar\u0131 bulunmu\u015ftur. 1995 y\u0131l\u0131na kadar s\u00fcrd\u00fcr\u00fclen \u00e7al\u0131\u015fmalar sonucu tiyatrodan kalabilen t\u00fcm kal\u0131nt\u0131lar bug\u00fcn g\u00fcn \u0131\u015f\u0131\u011f\u0131na \u00e7\u0131kart\u0131lm\u0131\u015ft\u0131r. Erken Roma d\u00f6neminde in\u015fa edilen, M.S. 2.y\u00fczy\u0131lda onar\u0131m ge\u00e7iren tiyatronun 5000 ki\u015fi kapasiteli oldu\u011fu ve Bizans d\u00f6neminde arena olarak kullan\u0131ld\u0131\u011f\u0131 anla\u015f\u0131lmaktad\u0131r. \u015eimdiki haliyle 1500 ki\u015finin kullan\u0131m\u0131na cevap veren Telmessos Tiyatrosu\u2019nun onar\u0131m\u0131 i\u00e7in r\u00f6leve projesi tamamlanm\u0131\u015ft\u0131r.<\/p>\n<h3>Camiler<\/h3>\n<p><strong>Cezayirli Cami:<\/strong>\u00a0Cami, 1791 y\u0131l\u0131nda Cezayirli Hasan Pa\u015fa taraf\u0131ndan yap\u0131lm\u0131\u015ft\u0131r. Hasan Pa\u015fa ayr\u0131ca Kemer K\u00f6pr\u00fcs\u00fc, Yayla yolundaki Pa\u015fa Han\u0131, Yaka k\u00f6y\u00fcndeki su kemerleri gibi bir\u00e7ok yap\u0131t\u0131 Fethiye\u2019ye kazand\u0131rm\u0131\u015ft\u0131r.<\/p>\n<h3>Hanlar<\/h3>\n<p>Fethiye\u2019nin ba\u015fl\u0131ca hanlar\u0131; Il\u0131ca Han\u0131 (\u00dcz\u00fcml\u00fc yolu \u00fcst\u00fcnde), \u0130ncir Han\u0131, Karatoprak Han\u0131 (\u0130nbecik yolunda), Kemer-Seki yolunda Pa\u015fa Han\u0131, Daydur Han\u0131 ve Nald\u00f6ken Hanlar\u0131d\u0131r.<\/p>\n<h3>Kaya Mezar\u0131<\/h3>\n<p><strong>Likya Kaya Mezarlar\u0131:<\/strong>\u00a0\u015eehir i\u00e7inde Likya d\u00f6neminden kalma M.\u00d6. 4.yy. eserleri dikkati \u00e7eker. Bunlar, \u015fehrin simgesi haline gelen do\u011fal kayaya oyulmu\u015f mezarlard\u0131r. \u00c7ok say\u0131da d\u00fczg\u00fcn basamaklarla mezarlar\u0131n en g\u00fczel ve en g\u00f6rkemlisi olan Amintas\u2019a ula\u015f\u0131l\u0131r. Bu mezar a\u015fa\u011f\u0131daki d\u00fczl\u00fckten de kolayl\u0131kla g\u00f6r\u00fcl\u00fcr ve yakla\u015ft\u0131k\u00e7a, b\u00fcy\u00fckl\u00fc\u011f\u00fc kar\u015f\u0131s\u0131nda duyulan hayranl\u0131k artar. Soldaki s\u00fctunun orta k\u0131sm\u0131nda, M.\u00d6. 4. yy. alfabesi ile \u201dherpamiaso\u011flu amintas\u201d yaz\u0131l\u0131d\u0131r. Bu ki\u015finin kimli\u011fi tam olarak bilinmemektedir. \u0130l\u00e7ede g\u00f6r\u00fclmeye de\u011fer pek \u00e7ok lahit mezar bulunmaktad\u0131r. Bunlardan en \u00f6nemlisi Likya d\u00f6nemine ait olan\u0131d\u0131r. Deniz i\u00e7erisinde y\u00fckselen mezar\u0131n ilgin\u00e7 bir g\u00f6r\u00fcn\u00fcm\u00fc vard\u0131r. \u0130ki katl\u0131 \u00f6n y\u00fcz\u00fcnde d\u00f6rtgen, ah\u015fap kiri\u015fleri and\u0131ran oymalar ve gotik stili kemerli bir kapa\u011f\u0131 bulunmaktad\u0131r. Kapa\u011f\u0131n her iki yan\u0131 sava\u015flar\u0131 resmeden fresklerle bezenmi\u015f olup, bunlar\u0131n ki\u015finin ya\u015fam\u0131 ile ilgili oldu\u011fu san\u0131lmaktad\u0131r.<\/p>\n<h3>Kaleler<\/h3>\n<p><strong>Fethiye Kalesi:<\/strong>\u00a0\u015eehrin g\u00fcneyinde y\u00fckselen kalenin, Aziz John\u2019un \u015f\u00f6valyelerine ait oldu\u011fu san\u0131lmaktad\u0131r. Duvarlara oyulmu\u015f birka\u00e7 yaz\u0131, tarihi belirsiz bir sarn\u0131\u00e7 d\u0131\u015f\u0131nda, tepenin do\u011fu y\u00fcz\u00fcnde k\u00fc\u00e7\u00fck ve basit iki kaya mezar\u0131 bulunmaktad\u0131r.<\/p>\n<h3><strong>Plajlar<\/strong><\/h3>\n<p><strong>\u00d6l\u00fcdeniz: \u201c<\/strong>Tanr\u0131n\u0131n D\u00fcnyaya Ba\u011f\u0131\u015flad\u0131\u011f\u0131 Cennet\u201d olarak nitelendirilen \u00d6l\u00fcdeniz, 3 km\u2019lik bir kumsala sahip bulunmaktad\u0131r. \u00d6l\u00fcdeniz\u2019de, a\u00e7\u0131k ve koyu mavinin, a\u00e7\u0131k ve koyu ye\u015fil ile i\u00e7 i\u00e7e girdi\u011fi bir renk armonisi i\u00e7inde y\u00fczmenin doyumsuz mutlulu\u011fu tad\u0131labilir. Y\u0131l\u0131n on ay\u0131 \u0131l\u0131k ve durgun suyu ile do\u011fal lag\u00fcn g\u00f6r\u00fcn\u00fcm\u00fcndeki \u00d6l\u00fcdeniz; yerli ve yabanc\u0131 turistler taraf\u0131ndan en \u00e7ok tercih edilen yerlerden birisidir.<\/p>\n<p>Fethiye\u2019ye 14 km. uzakl\u0131ktaki \u00d6l\u00fcdeniz ile Belcek\u0131z Plaj\u0131\u2019n\u0131, Kumburnu birbirinden ay\u0131r\u0131r. Belcek\u0131z\u2019daki \u00e7ok say\u0131da pansiyon, kamp, motel ve lokanta y\u0131l\u0131n her mevsimi hizmete a\u00e7\u0131k bulunmaktad\u0131r. \u00c7am a\u011fa\u00e7lar\u0131 ile kapl\u0131 tertemiz kumsal\u0131 ve berrak denizi ile Kidrak buraya 3 km. uzakl\u0131ktad\u0131r.<\/p>\n<p><strong>K\u0131drak:\u00a0<\/strong>Belce\u011fiz\u2019in 3 km. g\u00fcneyindeki koy, s\u0131k \u00e7am a\u011fa\u00e7lar\u0131, temiz kumsal\u0131 ve berrak denizi ile ideal bir g\u00fcn\u00fcbirlik dinlenme yeridir.<\/p>\n<p><strong>Kelebekler Vadisi:<\/strong>\u00a0\u00d6l\u00fcdeniz\u2019den 5-7 km. uzakl\u0131kta, etraf\u0131 ortalama 350 m. y\u00fckseklikte da\u011flarla \u00e7evrili bu ilgin\u00e7 kanyon, ad\u0131n\u0131 Temmuz-Eyl\u00fcl aylar\u0131 aras\u0131nda g\u00f6r\u00fclen \u201cJarsey Tiger\u201d adl\u0131 kelebeklerden alm\u0131\u015ft\u0131r. Yaz k\u0131\u015f akan k\u00fc\u00e7\u00fck \u015felale, geni\u015f kumsal, tertemiz deniz, p\u0131r\u0131l p\u0131r\u0131l \u00e7ak\u0131l ta\u015flar\u0131 ve \u00e7evreyi s\u00fcsleyen pembe zakkum \u00e7i\u00e7ekleri ile k\u00fc\u00e7\u00fck bir yery\u00fcz\u00fc cenneti olan koya ula\u015f\u0131m, \u00d6l\u00fcdeniz\u2019den teknelerle sa\u011flanmaktad\u0131r. D\u00fcnya gezginlerinin bulu\u015fma yeri olan vadide \u00e7ad\u0131rl\u0131 kamp alan\u0131, restoran, bar, ruf, du\u015f, kabin vb. olanaklar sunulmaktad\u0131r.<\/p>\n<p><strong>Sakl\u0131kent:\u00a0<\/strong>Fethiye\u2019ye 50 km. mesafede, Mu\u011fla \u2013 Antalya il s\u0131n\u0131r\u0131n\u0131 te\u015fkil eden Kara\u00e7ay Deresi kenar\u0131nda, uzunlu\u011fu 18 km., y\u00fcksekli\u011fi yer yer 600 m\u2019yi bulan muhte\u015fem bir kanyon i\u00e7ine gizlenmi\u015f e\u015fsiz bir do\u011fa harikas\u0131d\u0131r. Dimdik sarp kayal\u0131klar\u0131, \u00e7\u0131nar a\u011fa\u00e7lar\u0131, p\u0131r\u0131l p\u0131r\u0131l akan co\u015fkulu kaynak sular\u0131 ile do\u011fa tutkunlar\u0131 i\u00e7in da\u011fc\u0131l\u0131k, y\u00fcr\u00fcy\u00fc\u015f, y\u00fczme olanaklar\u0131 sunan e\u015fsiz bir turizm merkezidir.<\/p>\n<p><strong>Yakapark:<\/strong>\u00a0\u0130nsan eme\u011fi ve yarat\u0131c\u0131l\u0131\u011f\u0131 ile do\u011fan\u0131n engin zenginli\u011finin birlikte olu\u015fturdu\u011fu, su sesi ve ku\u015f sesinin gizeminde unutulmaz anlar\u0131n ya\u015fanaca\u011f\u0131 bu e\u015fsiz dinlenme yerine Yaka k\u00f6y\u00fcnden 2 km\u2019lik bir yolla ula\u015fmak m\u00fcmk\u00fcnd\u00fcr.<\/p>\n<p><strong>G\u00f6cek:\u00a0<\/strong>Fethiye\u2019ye 30 km. uzakl\u0131kta, Fethiye-Mu\u011fla karayolu \u00fczerindedir. \u015eirin bir bal\u0131k\u00e7\u0131 kasabas\u0131 g\u00f6r\u00fcn\u00fcm\u00fcnde olan G\u00f6cek, son y\u0131llarda yat turizminin en \u00f6nemli merkezlerinden biri haline gelmi\u015ftir. Do\u011fal liman\u0131n\u0131n yan\u0131 s\u0131ra etraf\u0131n\u0131 \u00e7evreleyen \u00e7aml\u0131k tepeleri, yak\u0131n\u0131ndaki \u00f6ren yerleri, \u00e7ok say\u0131daki adalar\u0131 ve koylar\u0131 ile e\u015fsiz bir turizm cennetidir.<\/p>\n<p>Son y\u0131llarda say\u0131lar\u0131 h\u0131zla artan modern konaklama tesisleri ve marinas\u0131 ile e\u015fsiz bir turizm cenneti olma yolunda olan G\u00f6cek, Dalaman Havaalan\u0131\u2019na 20 km. mesafededir.<\/p>\n<p><strong>Adalar:<\/strong>\u00a0Birbirinden g\u00fczel say\u0131s\u0131z koylarla s\u00fcsl\u00fc Kap\u0131da\u011f\u0131 Yar\u0131madas\u0131 ve adalardan olu\u015fan, bal\u0131k\u00e7\u0131lar\u0131n \u201cKaranl\u0131k \u0130\u00e7i\u201d olarak tan\u0131mlad\u0131klar\u0131 b\u00f6lge mavi yolculuklar\u0131n vazge\u00e7ilmez u\u011frak yerlerinden biridir. Fethiye ve G\u00f6cekten d\u00fczenlenen g\u00fcn\u00fcbirlik turlarla da ula\u015f\u0131labilen Yass\u0131ca Adalar, Hamam Koyu, Kur\u015funlu Koyu, Yavansu, Bedri Rahmi Koyu, Tersane Adas\u0131, G\u00f6b\u00fcn Koyu, Boynuzb\u00fck\u00fc, G\u00f6cek Adas\u0131, Domuz Adas\u0131, Zeytin Adas\u0131, K\u0131z\u0131l Ada y\u00f6rede \u201c12 Adalar\u201d olarak da an\u0131lmakta ve \u00f6nemli bir \u00e7ekim alan\u0131 \u00f6zelli\u011fini ta\u015f\u0131maktad\u0131r.<\/p>\n<p><strong>Oyuktepe Koylar\u0131:<\/strong>\u00a0\u0130l\u00e7edeki iki b\u00fcy\u00fck tatil k\u00f6y\u00fcn\u00fcn de yer ald\u0131\u011f\u0131 yar\u0131m adadaki Mempa\u015fa, K\u00fc\u00e7\u00fck Samanl\u0131k, Boncuklu, Kuleli, Aksazlar, Akvaryum, Turun\u00e7 P\u0131nar\u0131 gibi do\u011fal koylar, \u00f6zellikle y\u00f6re halk\u0131n\u0131n s\u0131k\u00e7a gitti\u011fi g\u00fcn\u00fcbirlik mesire yerleridir.<\/p>\n<p><strong>Katranc\u0131 Koyu:<\/strong>\u00a0Fethiye\u2019ye 17 km. uzakl\u0131kta Mu\u011fla \u2013 Fethiye karayolu \u00fczerindedir. Denize kadar uzanan s\u0131k \u00e7am a\u011fa\u00e7lar\u0131 ile kapl\u0131 koy, mavi ve ye\u015filin en g\u00fczel uyumunu sergiler. Koyda orman i\u00e7i dinlenme alan\u0131 olup, du\u015f, WC, kabin, i\u00e7me suyu, b\u00fcfe, kameriye, otopark gibi hizmetler mevcuttur. \u0130deal bir \u00e7ad\u0131rl\u0131 kamping ve mesire yeridir.<\/p>\n<p><strong>G\u00fcnl\u00fck (K\u00fc\u00e7\u00fck Karg\u0131):\u00a0<\/strong>Fethiye\u2019ye 18 km. uzakl\u0131kta, Mu\u011fla karayolu \u00fczerinde bulunan koy d\u00fcnyada e\u015fine az rastlanan, g\u00fczel kokulu ve s\u0131k \u201cg\u00fcnl\u00fck a\u011fa\u00e7lar\u0131\u201dyla bezenmi\u015ftir. Pek \u00e7ok hastal\u0131\u011f\u0131n (ka\u015f\u0131nt\u0131, ast\u0131m, bron\u015fit, \u00fclser ve mide rahats\u0131zl\u0131klar\u0131) tedavisinde ve parf\u00fcmeri sanayiinde kullan\u0131lan s\u0131\u011fla ya\u011f\u0131, g\u00fcnl\u00fck a\u011fac\u0131n salg\u0131s\u0131d\u0131r.<\/p>\n<p><strong>\u00c7al\u0131\u015f Plaj\u0131:\u00a0<\/strong>Kent merkezine 5 km. mesafede, \u015e\u00f6valye Adas\u0131 kar\u015f\u0131s\u0131ndad\u0131r. 4 km\u2019lik kumsal boyunca oteller, pansiyonlar, kampingler ve lokantalar bulunmaktad\u0131r. Yery\u00fcz\u00fcnde g\u00fcn bat\u0131m\u0131n\u0131n en g\u00fczel izlendi\u011fi yerlerden biri olarak nitelendirilen \u00c7al\u0131\u015f Plaj\u0131, su sporlar\u0131na elveri\u015fli denizinin yan\u0131nda, \u201cCaretta caretta\u201d ad\u0131yla bilinen deniz kaplumba\u011fas\u0131 t\u00fcr\u00fcn\u00fcn kulu\u00e7ka alanlar\u0131ndan biri olmas\u0131 dolay\u0131s\u0131 ile de il\u00e7e turizminin en g\u00f6zde yerlerinden biridir.<\/p>\n<p><strong>Hisar\u00f6n\u00fc \u2013 Ovac\u0131k:<\/strong>\u00a0\u00d6l\u00fcdeniz beldesinde bulunan bu iki tipik T\u00fcrk k\u00f6y\u00fc, son y\u0131llarda turizm potansiyellerini yo\u011fun konaklama, al\u0131\u015fveri\u015f ve e\u011flence merkezi haline d\u00f6n\u00fc\u015ft\u00fcrebilmi\u015flerdir. \u00d6l\u00fcdeniz, Babada\u011f, Kaya k\u00f6y\u00fc gibi \u00e7ekim alanlar\u0131na da yak\u0131n olan bu iki k\u00f6y, g\u00fcn\u00fcm\u00fczde \u00f6zellikle yabanc\u0131 turistlerin b\u00fcy\u00fck ilgisini \u00e7ekmektedir.<\/p>\n<h2>GENEL B\u0130LG\u0130LER\u00a0FETH\u0130YE<\/h2>\n<p>Fethiye, kelimelerle anlat\u0131lamayacak kadar g\u00fczelliklerle dolu bir Akdeniz il\u00e7esidir. E\u011fer bir do\u011fa tutkunuysan\u0131z ve ya\u015fam\u0131n\u0131zda yeni ufuklar ke\u015ffetmek i\u00e7in sab\u0131rs\u0131zlan\u0131yorsan\u0131z, tatiliniz i\u00e7in m\u00fckemmel bir se\u00e7im f\u0131rsat\u0131n\u0131z var. Fethiye\u2019nin do\u011fal cennetinde birbirinden \u015firin irili ufakl\u0131 koylar\u0131, kumsallar\u0131, adalar\u0131, s\u0131cak iklimi ve bereketli topraklar\u0131 ve Toros\u2019lar\u0131n ye\u015fil \u00e7am ormanlar\u0131n\u0131n g\u00f6r\u00fcnt\u00fcs\u00fc sizi bekliyor. I\u015f\u0131klar kentinde, tatil keyfinizin bir co\u015fkuya d\u00f6n\u00fc\u015ft\u00fc\u011f\u00fcn\u00fc hissedecek, tarih ve k\u00fclt\u00fcr\u00fcn \u00e7evredeki do\u011fal g\u00fczelliklerle nas\u0131l b\u00fct\u00fcnle\u015fip renklendi\u011finin tan\u0131\u011f\u0131 olacaks\u0131n\u0131z.<br \/>\nFethiye, T\u00fcrkiye\u2019nin g\u00fcneybat\u0131s\u0131nda Akdeniz\u2019in Ege ile bulu\u015ftu\u011fu k\u0131y\u0131larda, Uluslar aras\u0131 Dalaman Havaliman\u0131na 50 km uzakl\u0131kta yer al\u0131yor. Di\u011fer merkezlerle karayolu ula\u015f\u0131m\u0131n\u0131n kolayl\u0131\u011f\u0131, y\u0131l\u0131n her ay\u0131nda yolculu\u011funuzun zevkli ve rahat ge\u00e7mesini sa\u011fl\u0131yor. Do\u011fal liman\u0131 ve marinas\u0131, deniz yolculu\u011funu se\u00e7enler ve yat\u00e7\u0131lar i\u00e7in b\u00fct\u00fcn olanaklara sahip. Fethiye\u2019nin 35 km yak\u0131n\u0131ndaki G\u00f6cek Koyu ve marinalar\u0131 da son y\u0131llarda Akdeniz\u2019in yat\u00e7\u0131lar\u0131n\u0131n en sevdi\u011fi u\u011frak yerleri\u2026<br \/>\nE\u015fen Yaylas\u0131ndan ba\u015flayarak b\u00fct\u00fcn b\u00f6lge, Toros Da\u011flar\u0131n\u0131n g\u00fcneybat\u0131daki y\u00fckseltileri ve \u00e7am ormanlar\u0131 ile kapl\u0131. Bu da\u011flar\u0131n k\u0131y\u0131lardaki y\u00fcksekli\u011fi 2000 mt ye kadar ula\u015f\u0131yor. S\u0131cak yaz g\u00fcnlerinde, mavi g\u00f6ky\u00fcz\u00fcn\u00fcn alt\u0131nda, \u00e7am ormanlar\u0131n\u0131n hemen arkas\u0131ndaki y\u00fcksek tepelerdeki kar manzaralar\u0131 ger\u00e7ekten de g\u00f6r\u00fclmeye de\u011fer. Da\u011flar\u0131n yama\u00e7lar\u0131nda, \u00e7am a\u011fa\u00e7lar\u0131n\u0131n yan\u0131 s\u0131ra kekikten ada \u00e7ay\u0131na, turun\u00e7gillerden G\u00fcnl\u00fck (S\u0131\u011fla) a\u011fa\u00e7lar\u0131na kadar binlerce bitkinin bulundu\u011fu zengin bir flora \u00f6rt\u00fcs\u00fc Fethiye\u2019nin ayr\u0131 bir \u00f6zelli\u011fi\u2026 B\u00f6lgede yakla\u015f\u0131k 100 hektarl\u0131k bir alan\u0131 kaplayan G\u00fcnl\u00fck orman\u0131 ideal bir kamp ve piknik alan\u0131 olarak kullan\u0131l\u0131yor. G\u00fcnl\u00fck (S\u0131\u011fla) a\u011fa\u00e7lar\u0131n\u0131n re\u00e7inemsi ya\u011f\u0131 eczac\u0131l\u0131k ve kozmetik sanayiinde kullan\u0131ld\u0131\u011f\u0131 gibi, bu a\u011fa\u00e7lar\u0131n kurumu\u015f kabuklar\u0131 da antik d\u00f6nemlerden bu yana y\u00f6rede t\u00fcts\u00fc malzemesi olarak \u00f6nem ta\u015f\u0131yor..<br \/>\nFethiye, tipik Akdeniz iklimi \u00f6zelliklerine sahip. S\u0131cak yaz g\u00fcnlerinin ortalama s\u0131cakl\u0131\u011f\u0131 30\u00b0 C. Zaman zaman ya\u011f\u0131\u015fl\u0131 ge\u00e7en k\u0131\u015f aylar\u0131nda ise bu de\u011fer 12\u00b0 C dolay\u0131nda. K\u0131\u015f aylar\u0131ndaki deniz suyu s\u0131cakl\u0131\u011f\u0131 ise 17\u00b0 C nin alt\u0131na d\u00fc\u015fm\u00fcyor.<br \/>\nVerimli ve bereketli topraklara sahip olan Fethiye ovas\u0131nda tar\u0131m en b\u00fcy\u00fck gelir kayna\u011f\u0131. Bundan dolay\u0131 \u00e7evredeki di\u011fer turizm merkezlerinin aksine, Fethiye\u2019de ya\u015fam yaz sezonu d\u0131\u015f\u0131nda da hareketlili\u011fini s\u00fcrd\u00fcr\u00fcyor.<br \/>\nSera ve bah\u00e7e tar\u0131m\u0131yla birlikte, pamuk, susam, t\u00fct\u00fcn ve anason gibi end\u00fcstriyel tar\u0131m \u00fcr\u00fcnlerinin \u00fcretimi il\u00e7e ekonomisine b\u00fcy\u00fck katk\u0131 sa\u011fl\u0131yor. Y\u0131ll\u0131k yakla\u015f\u0131k 250.000 ton dolay\u0131nda sera ve tarla domatesi \u00fcretilerek yurt i\u00e7i ve d\u0131\u015f\u0131ndaki pazarlara sunuluyor. Ar\u0131c\u0131l\u0131k ve bal \u00fcretimi de olduk\u00e7a y\u00fcksek bir potansiyele sahip. Fethiye\u2019nin bir ba\u015fka zenginli\u011fi ise, d\u00fcnyan\u0131n 4. b\u00fcy\u00fck Krom rezervine sahip maden yataklar\u0131yla, T\u00fcrkiye\u2019nin \u00f6nemli bir Krom ihracat merkezi olmas\u0131.<br \/>\n\u0130klim ko\u015fullar\u0131, hemen b\u00fct\u00fcn sebze ve meyvelerin yeti\u015ftirilmesine olanak sa\u011fl\u0131yor.<br \/>\nHer hafta Sal\u0131 g\u00fcnleri \u00fcreticiler ile t\u00fcketicileri do\u011fal bir al\u0131\u015fveri\u015f ortam\u0131nda bir araya getiren il\u00e7e pazar\u0131 ger\u00e7ekten de g\u00f6r\u00fclmeye de\u011fer. \u0130l\u00e7edeki al\u0131\u015fveri\u015f merkezleri de g\u00fcn boyunca turistlere ve yerli halka hizmet veriyor. Merkezdeki Paspatur \u00c7ar\u015f\u0131s\u0131 hal\u0131, deri, kuyum, tekstil ve di\u011fer hediyelik e\u015fya ma\u011fazalar\u0131yla, Osmanl\u0131 d\u00f6neminden kalma camii ve eski hamam\u0131n \u00e7evresinde \u201ceski kent\u201di g\u00fcn\u00fcm\u00fcze ta\u015f\u0131yor. \u00c7evredeki do\u011fal, tarihsel ve k\u00fclt\u00fcrel de\u011ferlerle tan\u0131\u015f\u0131p bir dinlenme an\u0131nda Paspatur\u2019da bir cafe\u2019de kahvenizi ya da \u00e7ay\u0131n\u0131z\u0131 yudumlarken, g\u00f6r\u00fclmeye de\u011fer zenginliklerle dolu bir \u201cI\u015f\u0131klar Kenti\u201d(Land of Lights)\u2019 ni ke\u015ffetmenin mutlulu\u011funu ya\u015fayacaks\u0131n\u0131z.<\/p>\n","protected":false},"excerpt":{"rendered":"<p>Fethiye \u201dAyd\u0131nl\u0131klar \u00dclkesi\u2019nin el de\u011fmemi\u015f bakiresi\u201d Fethiye, Akdeniz\u2019in i\u00e7inde irili  [&#8230;]<\/p>\n","protected":false},"author":1,"featured_media":0,"parent":0,"menu_order":0,"comment_status":"closed","ping_status":"closed","template":"","meta":{"footnotes":""},"class_list":["post-270","page","type-page","status-publish","hentry"],"aioseo_notices":[],"_links":{"self":[{"href":"https:\/\/www.majesticoludeniz.com\/tr\/wp-json\/wp\/v2\/pages\/270","targetHints":{"allow":["GET"]}}],"collection":[{"href":"https:\/\/www.majesticoludeniz.com\/tr\/wp-json\/wp\/v2\/pages"}],"about":[{"href":"https:\/\/www.majesticoludeniz.com\/tr\/wp-json\/wp\/v2\/types\/page"}],"author":[{"embeddable":true,"href":"https:\/\/www.majesticoludeniz.com\/tr\/wp-json\/wp\/v2\/users\/1"}],"replies":[{"embeddable":true,"href":"https:\/\/www.majesticoludeniz.com\/tr\/wp-json\/wp\/v2\/comments?post=270"}],"version-history":[{"count":0,"href":"https:\/\/www.majesticoludeniz.com\/tr\/wp-json\/wp\/v2\/pages\/270\/revisions"}],"wp:attachment":[{"href":"https:\/\/www.majesticoludeniz.com\/tr\/wp-json\/wp\/v2\/media?parent=270"}],"curies":[{"name":"wp","href":"https:\/\/api.w.org\/{rel}","templated":true}]}}