{"id":268,"date":"2012-05-23T20:33:06","date_gmt":"2012-05-23T20:33:06","guid":{"rendered":"http:\/\/www.majesticoludeniz.com\/facilities-2\/"},"modified":"2020-05-17T13:03:31","modified_gmt":"2020-05-17T13:03:31","slug":"olanaklar","status":"publish","type":"page","link":"https:\/\/www.majesticoludeniz.com\/tr\/olanaklar\/","title":{"rendered":"Olanaklar"},"content":{"rendered":"<ul>\n<li>85 oda, 150 yatak<\/li>\n<li>Odalarda; klima, du\u015f, tuvalet, telefon, balkon, minibar, saklama kasas\u0131, tv, sa\u00e7 kurutma makinas\u0131<\/li>\n<li>Y\u00fczme havuzu, \u00e7ocuk havuzu<\/li>\n<li>A\u00e7\u0131k-kapal\u0131 restaurant<\/li>\n<li>Havuz bar<\/li>\n<li>Bah\u00e7e<\/li>\n<li>Barda b\u00fcy\u00fck ekran tv<\/li>\n<li>Tv salonu<\/li>\n<li>\u0130nternet (+ \u00fccretsiz kablosuz ba\u011flant\u0131)<\/li>\n<li>Dinlenme salonu<\/li>\n<li>Bilardo<\/li>\n<li>Otopark<\/li>\n<li>\u00d6l\u00fcdeniz Belcek\u0131z plaj\u0131na 350 metre<\/li>\n<li>Fethiye merkeze 13 km.<\/li>\n<li>Dalaman havaalan\u0131na 60 km.<\/li>\n<\/ul>\n","protected":false},"excerpt":{"rendered":"<p>85 oda, 150 yatak Odalarda; klima, du\u015f, tuvalet, telefon, balkon,  [&#8230;]<\/p>\n","protected":false},"author":1,"featured_media":0,"parent":0,"menu_order":0,"comment_status":"closed","ping_status":"closed","template":"","meta":{"footnotes":""},"class_list":["post-268","page","type-page","status-publish","hentry"],"aioseo_notices":[],"_links":{"self":[{"href":"https:\/\/www.majesticoludeniz.com\/tr\/wp-json\/wp\/v2\/pages\/268","targetHints":{"allow":["GET"]}}],"collection":[{"href":"https:\/\/www.majesticoludeniz.com\/tr\/wp-json\/wp\/v2\/pages"}],"about":[{"href":"https:\/\/www.majesticoludeniz.com\/tr\/wp-json\/wp\/v2\/types\/page"}],"author":[{"embeddable":true,"href":"https:\/\/www.majesticoludeniz.com\/tr\/wp-json\/wp\/v2\/users\/1"}],"replies":[{"embeddable":true,"href":"https:\/\/www.majesticoludeniz.com\/tr\/wp-json\/wp\/v2\/comments?post=268"}],"version-history":[{"count":0,"href":"https:\/\/www.majesticoludeniz.com\/tr\/wp-json\/wp\/v2\/pages\/268\/revisions"}],"wp:attachment":[{"href":"https:\/\/www.majesticoludeniz.com\/tr\/wp-json\/wp\/v2\/media?parent=268"}],"curies":[{"name":"wp","href":"https:\/\/api.w.org\/{rel}","templated":true}]}}