{"id":261,"date":"2014-08-31T11:08:28","date_gmt":"2014-08-31T11:08:28","guid":{"rendered":"http:\/\/www.majesticoludeniz.com\/home-2\/"},"modified":"2025-07-23T21:25:33","modified_gmt":"2025-07-23T21:25:33","slug":"home","status":"publish","type":"page","link":"https:\/\/www.majesticoludeniz.com\/tr\/","title":{"rendered":"Anasayfa"},"content":{"rendered":"<div class=\"wpb-content-wrapper\"><p>[vc_row][vc_column][vc_empty_space][vc_column_text]<\/p>\n<h1 style=\"text-align: center;\">Neden Majestic Otel<\/h1>\n<p style=\"text-align: center;\">Do\u011fal g\u00fczelliklerle \u00e7evrili, \u00f6zenle dekore edilmi\u015f bah\u00e7esiyle Majestic Otel Akdeniz b\u00f6lgesinin e\u015fsiz g\u00fczellikteki \u00d6l\u00fcdeniz Belcek\u0131z sahiline y\u00fcr\u00fcme mesafesinde (350 metre), sizlere birinci s\u0131n\u0131f konaklama ve konfor imkan\u0131 sunuyor.<\/p>\n<p style=\"text-align: center;\">Majestic Otel sizleri zarif, stil sahibi ayn\u0131 zamanda rahat, arkada\u015f canl\u0131s\u0131, formalitelerden uzak bir tatil ortam\u0131na \u00e7a\u011f\u0131r\u0131yor. Otelimiz huzur dolu bir tatil aray\u0131\u015f\u0131nda olan herkez i\u00e7in \u00f6zenle tasrlanm\u0131\u015ft\u0131r. \u00d6l\u00fcdeniz beldesinin sizlere hizmet vermek i\u00e7in bekleyen t\u00fcm g\u00fczellikleri otelimize y\u00fcr\u00fcme mesafesindedir.<\/p>\n<h3 style=\"text-align: center;\">M\u00fckemmel Bir Tatil i\u00e7in G\u00f6rkemli (MAJEST\u0130C) Bir Otel Yaratt\u0131k<\/h3>\n<p>[\/vc_column_text][\/vc_column][\/vc_row][vc_row][vc_column width=&#8221;1\/2&#8243;][vc_video link=&#8221;https:\/\/www.youtube.com\/watch?v=ROG3CV0vDeo&#8221; align=&#8221;center&#8221;][\/vc_column][vc_column width=&#8221;1\/2&#8243;][vc_video link=&#8221;https:\/\/www.youtube.com\/watch?v=fy5U77_7T90&#8243; align=&#8221;center&#8221;][\/vc_column][\/vc_row][vc_row gap=&#8221;15&#8243; equal_height=&#8221;yes&#8221;][vc_column width=&#8221;1\/3&#8243; css=&#8221;.vc_custom_1569149918334{border-top-width: 2px !important;border-right-width: 2px !important;border-bottom-width: 2px !important;border-left-width: 2px !important;background-color: #c7f9f9 !important;border-left-color: #dd9933 !important;border-left-style: solid !important;border-right-color: #dd9933 !important;border-right-style: solid !important;border-top-color: #dd9933 !important;border-top-style: solid !important;border-bottom-color: #dd9933 !important;border-bottom-style: solid !important;}&#8221;][vc_icon icon_fontawesome=&#8221;fa fa-building&#8221; color=&#8221;orange&#8221; background_style=&#8221;rounded-outline&#8221; background_color=&#8221;orange&#8221; size=&#8221;lg&#8221; align=&#8221;center&#8221;][vc_column_text]<\/p>\n<h3 style=\"text-align: center;\">Hotel Majestic \u00d6l\u00fcdeniz<\/h3>\n<p style=\"text-align: center;\">Fethiye \u015fehir merkezinden 13 km. \/ Dalaman Hava liman\u0131ndan 60 km.<\/p>\n<p style=\"text-align: center;\">\u00d6l\u00fcdeniz plaj\u0131na 350 m. mesafedir.<\/p>\n<p>[\/vc_column_text][\/vc_column][vc_column width=&#8221;1\/3&#8243; css=&#8221;.vc_custom_1569150407705{border-top-width: 2px !important;border-right-width: 2px !important;border-bottom-width: 2px !important;border-left-width: 2px !important;background-color: #c7f9f9 !important;border-left-color: #dd9933 !important;border-left-style: solid !important;border-right-color: #dd9933 !important;border-right-style: solid !important;border-top-color: #dd9933 !important;border-top-style: solid !important;border-bottom-color: #dd9933 !important;border-bottom-style: solid !important;}&#8221;][vc_icon icon_fontawesome=&#8221;fa fa-diamond&#8221; color=&#8221;orange&#8221; background_style=&#8221;rounded-outline&#8221; background_color=&#8221;orange&#8221; size=&#8221;lg&#8221; align=&#8221;center&#8221;][vc_column_text]<\/p>\n<h3 style=\"text-align: center;\">Olanaklar<\/h3>\n<p style=\"text-align: center;\">Majestic Hotel;\u00a02 adet y\u00fczme havuzu, 1 adet \u00e7ocuk havuzu, a\u00e7\u0131k\/kapal\u0131 restaurant, havuz bar, bah\u00e7e, barda b\u00fcy\u00fck ekran tv, internet, otopark olanaklar\u0131 ile tekrar gelmek isteyece\u011finiz tatil imkan\u0131 sunmaktad\u0131r.<\/p>\n<p>[\/vc_column_text][\/vc_column][vc_column width=&#8221;1\/3&#8243; css=&#8221;.vc_custom_1569150377201{border-top-width: 2px !important;border-right-width: 2px !important;border-bottom-width: 2px !important;border-left-width: 2px !important;background-color: #c7f9f9 !important;border-left-color: #dd9933 !important;border-left-style: solid !important;border-right-color: #dd9933 !important;border-right-style: solid !important;border-top-color: #dd9933 !important;border-top-style: solid !important;border-bottom-color: #dd9933 !important;border-bottom-style: solid !important;}&#8221;][vc_icon icon_fontawesome=&#8221;fa fa-bed&#8221; color=&#8221;orange&#8221; background_style=&#8221;rounded-outline&#8221; background_color=&#8221;orange&#8221; size=&#8221;lg&#8221; align=&#8221;center&#8221;][vc_column_text css=&#8221;&#8221;]<\/p>\n<h3 style=\"text-align: center;\">Odalar<\/h3>\n<p style=\"text-align: center;\">32 adet Superior oda<br \/>\n53 adet Standart oda bulunmaktad\u0131r.<\/p>\n<p style=\"text-align: center;\">Odalar\u0131m\u0131zda; balkon, kanepe veya koltuk, mini bar (\u00fccretli), uydu yay\u0131nl\u0131 TV, direkt hatl\u0131 telefon, \u00f6zel banyo malzemeleri, sa\u00e7 kurutma makinesi, WC, klima, emanet kasas\u0131 mevcuttur. G\u00fcnl\u00fck oda temizli\u011fi, havlu de\u011fi\u015fimi ile nevresim de\u011fi\u015fimi haftada 3 kez\u00a0 yap\u0131lmaktad\u0131r. \u0130stek \u00fczerine bebek yata\u011f\u0131 odalara yerle\u015ftirilir. T\u00fcm odalar sigara i\u00e7ilmeyen odalard\u0131r.<\/p>\n<p style=\"text-align: center;\">Balay\u0131 Konsepti: Balay\u0131na gelen misafirlerimiz; giri\u015f g\u00fcn\u00fc \u00e7i\u00e7eklerle\u00a0oda s\u00fcslemesi ve\u00a0odaya g\u00f6nderilen meyve\u00a0 taba\u011f\u0131 ikram\u0131 ile \u00f6zel anlar\u0131n\u0131n keyfini doyas\u0131ya ya\u015fayacaklar.<\/p>\n<p>[\/vc_column_text][\/vc_column][\/vc_row][vc_row][vc_column][vc_empty_space][vc_custom_heading text=&#8221;TRIPADVISOR YORUMLARIMIZ&#8221; font_container=&#8221;tag:h2|text_align:center&#8221; css=&#8221;&#8221; link=&#8221;url:https%3A%2F%2Fwww.tripadvisor.com.tr%2FHotel_Review-g312737-d500123-Reviews-Majestic_Hotel-Oludeniz_Fethiye_Mugla_Province_Turkish_Aegean_Coast.html&#8221;][vc_column_text css=&#8221;&#8221;]<div class=\"wprev-slider\" id=\"wprev-slider-1\"><ul><style>#wprev-slider-1 .wprev_preview_bradius_T1 {border-radius: 0px;}#wprev-slider-1 .wprev_preview_bg1_T1 {background:#49cced;}#wprev-slider-1 .wprev_preview_bg2_T1 {background:;}#wprev-slider-1 .wprev_preview_tcolor1_T1 {color:#ffffff;}#wprev-slider-1 .wprev_preview_tcolor2_T1 {color:;}#wprev-slider-1 .wprev_preview_bg1_T1::after{ border-top: 30px solid #49cced; }<\/style><style><\/style><li>\t\t<div class=\"wptripadvisor_t1_outer_div w3_wprs-row-padding\">\r\n\t\t\t\t<div class=\"wptripadvisor_t1_DIV_1 w3_wprs-col l4\">\r\n\t\t\t<div class=\"wptripadvisor_t1_DIV_2 wprev_preview_bg1_T1 wprev_preview_bradius_T1\">\r\n\t\t\t\t<p class=\"wptripadvisor_t1_P_3 wprev_preview_tcolor1_T1\">\r\n\t\t\t\t\t<span class=\"wptripadvisor_star_imgs_T1\"><img decoding=\"async\" src=\"data:image\/gif;base64,R0lGODlhAQABAAAAACH5BAEKAAEALAAAAAABAAEAAAICTAEAOw==\" data-orig-src=\"https:\/\/www.majesticoludeniz.com\/wp-content\/plugins\/wp-tripadvisor-review-slider\/public\/partials\/imgs\/tripadvisor_stars_5.png\" alt=\"star rating\" class=\"lazyload wptripadvisor_t1_star_img_file\">&nbsp;&nbsp;<\/span><span class=\"wprevrevtitle\">S\u00fcperdi ger\u00e7ekten   <\/span>&nbsp;-&nbsp;E\u015fimle 1 haftal\u0131k tatil i\u00e7in gittik, oteli ay\u0131rtmadan geze geze buluruz diye gittik, iyiki de \u00f6yle yapm\u0131\u015f\u0131z. Otel me\u015fhur kumburnu plaj\u0131na y\u00fcr\u00fcyerek 7-8dk kadar uzakl\u0131kta (max 1km) <br \/>\r\nFethiyeye gittik<a class='wprs_rd_more'>... read more<\/a><span class='wprs_rd_more_text' style='display:none;'> para\u015f\u00fctlede atl\u0131caz derseniz 5dk y\u00fcr\u00fcme mesafesinde o da var. <br \/>\r\n\u00c7al\u0131\u015fanlar inan\u0131lmaz iyi. Hepsi g\u00fcler y\u00fczl\u00fc , tatil beldelerimizde ki klasik turist-T\u00fcrk ayr\u0131m\u0131 kesinlikle yok. \u0130ngilizlere Ruslara nas\u0131l davran\u0131l\u0131yorsa bize de \u00f6yle davran\u0131l\u0131yor.<br \/>\r\nK\u0131sacas\u0131 barmeninden garsonuna , temizlik g\u00f6revlisinden a\u015f\u00e7\u0131s\u0131na . resepsiyonistine t\u00fcm personel \u00e7ok iyi g\u00fcler y\u00fczl\u00fc ve ilgili. <br \/>\r\nYemeklere gelelim. Pandemi den dolay\u0131 san\u0131r\u0131m a\u00e7\u0131k b\u00fcfe yok. Yar\u0131m pansiyon konaklamalarda sabah aksam ac\u0131k b\u00fcfe yerinde g\u00f6revliler yard\u0131mc\u0131 oluyor. Kahvalt\u0131 da her sey var. Ak\u015fam yeme\u011fi cok \u00e7e\u015fit yok ama olan \u00e7ok lezzetli ve gerekte yok ger\u00e7ekten. <br \/>\r\nOdalar \u00e7ok b\u00fcy\u00fck m\u00fc hay\u0131r de\u011fil ama k\u00fc\u00e7\u00fcc\u00fckte de\u011fil. Bence gayet uygun. S\u00fcper l\u00fcx degil ama eski p\u00fcsk\u00fc de\u011fil .Gayet ortada ve \u00e7ok g\u00fczel. En \u00f6nemlisi temiz. Odalar da bence gayet basar\u0131l\u0131 balkonu dahi vard\u0131 bizim odan\u0131n ki g\u00f6rd\u00fc\u011f\u00fcm kadar\u0131yla her oda da balkon var. K\u0131sacas\u0131 bir daha gitsem yine ayn\u0131 otelde hi\u00e7 teredd\u00fct etmeden kal\u0131r\u0131m. Bu yorumlar\u0131 illaki okuyan bir otel g\u00f6revlisi vard\u0131r bu vesileyle her\u015fey i\u00e7in tekrar te\u015fekk\u00fcr ediyorum. Tavsiye ederim dememe gerek kalmam\u0131\u015ft\u0131r herhalde \ud83d\ude42 He unutmadan otopark\u0131 da var \ud83d\ude42<\/span>\t\t\t\t<\/p>\r\n\t\t\t\t\t\t\t\t<a href=\"https:\/\/www.tripadvisor.com.tr\/Hotel_Review-g312737-d500123-Reviews-Majestic_Hotel-Oludeniz_Fethiye_Mugla_Province_Turkish_Aegean_Coast.html\" target=\"_blank\" rel=\"nofollow\"><img decoding=\"async\" src=\"data:image\/gif;base64,R0lGODlhAQABAAAAACH5BAEKAAEALAAAAAABAAEAAAICTAEAOw==\" data-orig-src=\"https:\/\/www.majesticoludeniz.com\/wp-content\/plugins\/wp-tripadvisor-review-slider\/public\/partials\/imgs\/tripadvisor_outline.png\" alt=\"tripadvisor logo\" class=\"lazyload wptripadvisor_t1_tripadvisor_logo\"><\/a>\t\t\t<\/div><span class=\"wptripadvisor_t1_A_8\"><img decoding=\"async\" src=\"data:image\/gif;base64,R0lGODlhAQABAAAAACH5BAEKAAEALAAAAAABAAEAAAICTAEAOw==\" data-orig-src=\"https:\/\/dynamic-media-cdn.tripadvisor.com\/media\/photo-o\/1a\/f6\/ef\/9c\/default-avatar-2020-14.jpg?w=100&amp;h=-1&amp;s=1\" alt=\"avatar thumb\" class=\"lazyload wptripadvisor_t1_IMG_4\" loading=\"lazy\"\/><\/span> <span class=\"wptripadvisor_t1_SPAN_5 wprev_preview_tcolor2_T1\">Berkan \u0130\u015fsever <br\/><span class=\"wprev_showdate_T1\">January 1, 1970<\/span> <\/span>\r\n\t\t<\/div>\r\n\t\t\t<div class=\"wptripadvisor_t1_DIV_1 w3_wprs-col l4\">\r\n\t\t\t<div class=\"wptripadvisor_t1_DIV_2 wprev_preview_bg1_T1 wprev_preview_bradius_T1\">\r\n\t\t\t\t<p class=\"wptripadvisor_t1_P_3 wprev_preview_tcolor1_T1\">\r\n\t\t\t\t\t<span class=\"wptripadvisor_star_imgs_T1\"><img decoding=\"async\" src=\"data:image\/gif;base64,R0lGODlhAQABAAAAACH5BAEKAAEALAAAAAABAAEAAAICTAEAOw==\" data-orig-src=\"https:\/\/www.majesticoludeniz.com\/wp-content\/plugins\/wp-tripadvisor-review-slider\/public\/partials\/imgs\/tripadvisor_stars_5.png\" alt=\"star rating\" class=\"lazyload wptripadvisor_t1_star_img_file\">&nbsp;&nbsp;<\/span><span class=\"wprevrevtitle\">Supeerr   <\/span>&nbsp;-&nbsp;2016 da tanistik majestik ailesi ile.ve her yil gidiyoruz.ozellikle ugur abi olsun ilgi ve alakasini hic eksik etmiyorlar.ikinci evimiz orasi artik.ve bundan sonra her sene majestik teyiz insallah .<a class='wprs_rd_more'>... read more<\/a><span class='wprs_rd_more_text' style='display:none;'> <\/span>\t\t\t\t<\/p>\r\n\t\t\t\t\t\t\t\t<a href=\"https:\/\/www.tripadvisor.com.tr\/Hotel_Review-g312737-d500123-Reviews-Majestic_Hotel-Oludeniz_Fethiye_Mugla_Province_Turkish_Aegean_Coast.html\" target=\"_blank\" rel=\"nofollow\"><img decoding=\"async\" src=\"data:image\/gif;base64,R0lGODlhAQABAAAAACH5BAEKAAEALAAAAAABAAEAAAICTAEAOw==\" data-orig-src=\"https:\/\/www.majesticoludeniz.com\/wp-content\/plugins\/wp-tripadvisor-review-slider\/public\/partials\/imgs\/tripadvisor_outline.png\" alt=\"tripadvisor logo\" class=\"lazyload wptripadvisor_t1_tripadvisor_logo\"><\/a>\t\t\t<\/div><span class=\"wptripadvisor_t1_A_8\"><img decoding=\"async\" src=\"data:image\/gif;base64,R0lGODlhAQABAAAAACH5BAEKAAEALAAAAAABAAEAAAICTAEAOw==\" data-orig-src=\"https:\/\/dynamic-media-cdn.tripadvisor.com\/media\/photo-o\/1a\/f6\/e8\/ea\/default-avatar-2020-63.jpg?w=100&amp;h=-1&amp;s=1\" alt=\"avatar thumb\" class=\"lazyload wptripadvisor_t1_IMG_4\" loading=\"lazy\"\/><\/span> <span class=\"wptripadvisor_t1_SPAN_5 wprev_preview_tcolor2_T1\">Ismail42 <br\/><span class=\"wprev_showdate_T1\">January 1, 1970<\/span> <\/span>\r\n\t\t<\/div>\r\n\t\t\t<div class=\"wptripadvisor_t1_DIV_1 w3_wprs-col l4\">\r\n\t\t\t<div class=\"wptripadvisor_t1_DIV_2 wprev_preview_bg1_T1 wprev_preview_bradius_T1\">\r\n\t\t\t\t<p class=\"wptripadvisor_t1_P_3 wprev_preview_tcolor1_T1\">\r\n\t\t\t\t\t<span class=\"wptripadvisor_star_imgs_T1\"><img decoding=\"async\" src=\"data:image\/gif;base64,R0lGODlhAQABAAAAACH5BAEKAAEALAAAAAABAAEAAAICTAEAOw==\" data-orig-src=\"https:\/\/www.majesticoludeniz.com\/wp-content\/plugins\/wp-tripadvisor-review-slider\/public\/partials\/imgs\/tripadvisor_stars_5.png\" alt=\"star rating\" class=\"lazyload wptripadvisor_t1_star_img_file\">&nbsp;&nbsp;<\/span><span class=\"wprevrevtitle\">\u00d6l\u00fcdenizde kal\u0131nacak en g\u00fczel otel \ud83d\udc4d\ud83d\udc4d   <\/span>&nbsp;-&nbsp;\u00d6l\u00fcdenizde 3 konaklad\u0131\u011f\u0131m\u0131z otelden \u00e7ok memnun kald\u0131k ,temizli\u011fi ,odalar\u0131 ,havuzu bah\u00e7esi (mandalina,limon a\u011fa\u00e7lar\u0131 \u00e7ok g\u00fczel \ud83e\udd70) a\u00e7\u0131k alan\u0131 ile bence 5 y\u0131ld\u0131z otelleri aratmayan bi otel .Ayr\u0131ca yemekleri \u00e7ok ba\u015far\u0131l\u0131<a class='wprs_rd_more'>... read more<\/a><span class='wprs_rd_more_text' style='display:none;'> \ud83d\udc4ddenize y\u00fcr\u00fcme mesafesinde ,10 dk i\u00e7inde plajdas\u0131n\u0131z,seneye yine tercihimiz buras\u0131 \ud83d\udc4d\ud83e\udd73\ud83e\udd73<\/span>\t\t\t\t<\/p>\r\n\t\t\t\t\t\t\t\t<a href=\"https:\/\/www.tripadvisor.com.tr\/Hotel_Review-g312737-d500123-Reviews-Majestic_Hotel-Oludeniz_Fethiye_Mugla_Province_Turkish_Aegean_Coast.html\" target=\"_blank\" rel=\"nofollow\"><img decoding=\"async\" src=\"data:image\/gif;base64,R0lGODlhAQABAAAAACH5BAEKAAEALAAAAAABAAEAAAICTAEAOw==\" data-orig-src=\"https:\/\/www.majesticoludeniz.com\/wp-content\/plugins\/wp-tripadvisor-review-slider\/public\/partials\/imgs\/tripadvisor_outline.png\" alt=\"tripadvisor logo\" class=\"lazyload wptripadvisor_t1_tripadvisor_logo\"><\/a>\t\t\t<\/div><span class=\"wptripadvisor_t1_A_8\"><img decoding=\"async\" src=\"data:image\/gif;base64,R0lGODlhAQABAAAAACH5BAEKAAEALAAAAAABAAEAAAICTAEAOw==\" data-orig-src=\"https:\/\/dynamic-media-cdn.tripadvisor.com\/media\/photo-o\/18\/dc\/03\/aa\/caption.jpg?w=100&amp;h=-1&amp;s=1\" alt=\"avatar thumb\" class=\"lazyload wptripadvisor_t1_IMG_4\" loading=\"lazy\"\/><\/span> <span class=\"wptripadvisor_t1_SPAN_5 wprev_preview_tcolor2_T1\">Sealover\ud83c\udf0a <br\/><span class=\"wprev_showdate_T1\">January 1, 1970<\/span> <\/span>\r\n\t\t<\/div>\r\n\t\t<\/div>\r\n<!-- This file should primarily consist of HTML with a little bit of PHP. -->\r\n<\/li><li style=\"display:none;\">\t\t<div class=\"wptripadvisor_t1_outer_div w3_wprs-row-padding\">\r\n\t\t\t\t<div class=\"wptripadvisor_t1_DIV_1 w3_wprs-col l4\">\r\n\t\t\t<div class=\"wptripadvisor_t1_DIV_2 wprev_preview_bg1_T1 wprev_preview_bradius_T1\">\r\n\t\t\t\t<p class=\"wptripadvisor_t1_P_3 wprev_preview_tcolor1_T1\">\r\n\t\t\t\t\t<span class=\"wptripadvisor_star_imgs_T1\"><img decoding=\"async\" src=\"data:image\/gif;base64,R0lGODlhAQABAAAAACH5BAEKAAEALAAAAAABAAEAAAICTAEAOw==\" data-orig-src=\"https:\/\/www.majesticoludeniz.com\/wp-content\/plugins\/wp-tripadvisor-review-slider\/public\/partials\/imgs\/tripadvisor_stars_5.png\" alt=\"star rating\" class=\"lazyload wptripadvisor_t1_star_img_file\">&nbsp;&nbsp;<\/span><span class=\"wprevrevtitle\">Price Performance   <\/span>&nbsp;-&nbsp;Hem fiyat performans hemde konum olarak gayet iyi bir hotel, odalar\u0131n yenilenmesi gerekiyor onun d\u0131\u015f\u0131nda her\u015fey \u00e7ok iyi,kahvalt\u0131 ve bar b\u00f6l\u00fcm\u00fcde gayet yeterli ve iyiydi,Hotelin genel misafiri ingiliz ve bana<a class='wprs_rd_more'>... read more<\/a><span class='wprs_rd_more_text' style='display:none;'> g\u00f6re t\u00fcrklerden daha sayg\u0131l\u0131 ve s\u0131cakkanl\u0131lar, genel olarak hoteli be\u011fendi\u011fimi s\u00f6yleyebilirim<\/span>\t\t\t\t<\/p>\r\n\t\t\t\t\t\t\t\t<a href=\"https:\/\/www.tripadvisor.com.tr\/Hotel_Review-g312737-d500123-Reviews-Majestic_Hotel-Oludeniz_Fethiye_Mugla_Province_Turkish_Aegean_Coast.html\" target=\"_blank\" rel=\"nofollow\"><img decoding=\"async\" src=\"data:image\/gif;base64,R0lGODlhAQABAAAAACH5BAEKAAEALAAAAAABAAEAAAICTAEAOw==\" data-orig-src=\"https:\/\/www.majesticoludeniz.com\/wp-content\/plugins\/wp-tripadvisor-review-slider\/public\/partials\/imgs\/tripadvisor_outline.png\" alt=\"tripadvisor logo\" class=\"lazyload wptripadvisor_t1_tripadvisor_logo\"><\/a>\t\t\t<\/div><span class=\"wptripadvisor_t1_A_8\"><img decoding=\"async\" src=\"data:image\/gif;base64,R0lGODlhAQABAAAAACH5BAEKAAEALAAAAAABAAEAAAICTAEAOw==\" data-orig-src=\"https:\/\/dynamic-media-cdn.tripadvisor.com\/media\/photo-o\/2e\/94\/6b\/dc\/mert-d.jpg?w=100&amp;h=-1&amp;s=1\" alt=\"avatar thumb\" class=\"lazyload wptripadvisor_t1_IMG_4\" loading=\"lazy\"\/><\/span> <span class=\"wptripadvisor_t1_SPAN_5 wprev_preview_tcolor2_T1\">Mert D <br\/><span class=\"wprev_showdate_T1\">January 1, 1970<\/span> <\/span>\r\n\t\t<\/div>\r\n\t\t\t<div class=\"wptripadvisor_t1_DIV_1 w3_wprs-col l4\">\r\n\t\t\t<div class=\"wptripadvisor_t1_DIV_2 wprev_preview_bg1_T1 wprev_preview_bradius_T1\">\r\n\t\t\t\t<p class=\"wptripadvisor_t1_P_3 wprev_preview_tcolor1_T1\">\r\n\t\t\t\t\t<span class=\"wptripadvisor_star_imgs_T1\"><img decoding=\"async\" src=\"data:image\/gif;base64,R0lGODlhAQABAAAAACH5BAEKAAEALAAAAAABAAEAAAICTAEAOw==\" data-orig-src=\"https:\/\/www.majesticoludeniz.com\/wp-content\/plugins\/wp-tripadvisor-review-slider\/public\/partials\/imgs\/tripadvisor_stars_5.png\" alt=\"star rating\" class=\"lazyload wptripadvisor_t1_star_img_file\">&nbsp;&nbsp;<\/span><span class=\"wprevrevtitle\">.   <\/span>&nbsp;-&nbsp;\u00c7ocuklu\u011fumda sik ziyaret etti\u011fim her y\u0131l kendini geli\u015ftiren do\u011fan\u0131n g\u00fczellikleriyle b\u00fct\u00fcnle\u015fmi\u015f fiyat\/performans oteli.Yillar sonra Fethiye ye yapt\u0131\u011f\u0131m js seyahatin esnas\u0131nda gezme f\u0131rsat\u0131 buldum a\u00e7\u0131k alanlar\u0131 sin derece iyi kondusyonda g\u00f6r\u00fcn\u00fcyordu.<a class='wprs_rd_more'>... read more<\/a><span class='wprs_rd_more_text' style='display:none;'> <\/span>\t\t\t\t<\/p>\r\n\t\t\t\t\t\t\t\t<a href=\"https:\/\/www.tripadvisor.com.tr\/Hotel_Review-g312737-d500123-Reviews-Majestic_Hotel-Oludeniz_Fethiye_Mugla_Province_Turkish_Aegean_Coast.html\" target=\"_blank\" rel=\"nofollow\"><img decoding=\"async\" src=\"data:image\/gif;base64,R0lGODlhAQABAAAAACH5BAEKAAEALAAAAAABAAEAAAICTAEAOw==\" data-orig-src=\"https:\/\/www.majesticoludeniz.com\/wp-content\/plugins\/wp-tripadvisor-review-slider\/public\/partials\/imgs\/tripadvisor_outline.png\" alt=\"tripadvisor logo\" class=\"lazyload wptripadvisor_t1_tripadvisor_logo\"><\/a>\t\t\t<\/div><span class=\"wptripadvisor_t1_A_8\"><img decoding=\"async\" src=\"data:image\/gif;base64,R0lGODlhAQABAAAAACH5BAEKAAEALAAAAAABAAEAAAICTAEAOw==\" data-orig-src=\"https:\/\/dynamic-media-cdn.tripadvisor.com\/media\/photo-o\/27\/aa\/31\/04\/caption.jpg?w=100&amp;h=-1&amp;s=1\" alt=\"avatar thumb\" class=\"lazyload wptripadvisor_t1_IMG_4\" loading=\"lazy\"\/><\/span> <span class=\"wptripadvisor_t1_SPAN_5 wprev_preview_tcolor2_T1\">Burak Esmeray <br\/><span class=\"wprev_showdate_T1\">January 1, 1970<\/span> <\/span>\r\n\t\t<\/div>\r\n\t\t<\/div>\r\n<!-- This file should primarily consist of HTML with a little bit of PHP. -->\r\n<\/li><\/ul><\/div>\r\n[\/vc_column_text][\/vc_column][\/vc_row][vc_row full_width=&#8221;stretch_row_content_no_spaces&#8221;][vc_column][vc_column_text]<\/p>\n<h1 style=\"text-align: center;\">KONUM<\/h1>\n<p>[\/vc_column_text][vc_gmaps link=&#8221;#E-8_JTNDaWZyYW1lJTIwc3JjJTNEJTIyaHR0cHMlM0ElMkYlMkZ3d3cuZ29vZ2xlLmNvbSUyRm1hcHMlMkZlbWJlZCUzRnBiJTNEJTIxMW0xOCUyMTFtMTIlMjExbTMlMjExZDMyMDUuMTA3NzMwNzk3NDYxNSUyMTJkMjkuMTIxMjU1MzE0NjMyNjAyJTIxM2QzNi41NTE1MTUyODkzNTk1OSUyMTJtMyUyMTFmMCUyMTJmMCUyMTNmMCUyMTNtMiUyMTFpMTAyNCUyMTJpNzY4JTIxNGYxMy4xJTIxM20zJTIxMW0yJTIxMXMweDE0YzA0MGJiMzQ1MjNjYTclMjUzQTB4NDI1YTgyY2JjOWQ0NDE1YSUyMTJzTWFqZXN0aWMlMjUyMEhvdGVsJTIxNWUwJTIxM20yJTIxMXN0ciUyMTJzdHIlMjE0djE1NjkxNTA3MDAyMTYlMjE1bTIlMjExc3RyJTIxMnN0ciUyMiUyMHdpZHRoJTNEJTIyMTAwJTI1JTIyJTIwaGVpZ2h0JTNEJTIyNTAwJTIyJTIwZnJhbWVib3JkZXIlM0QlMjIwJTIyJTIwc3R5bGUlM0QlMjJib3JkZXIlM0EwJTNCJTIyJTIwYWxsb3dmdWxsc2NyZWVuJTNEJTIyJTIyJTNFJTNDJTJGaWZyYW1lJTNF&#8221; size=&#8221;500px&#8221; css=&#8221;.vc_custom_1569151689646{margin-bottom: 0px !important;}&#8221;][\/vc_column][\/vc_row]<\/p>\n<\/div>","protected":false},"excerpt":{"rendered":"<p>[vc_row][vc_column][vc_empty_space][vc_column_text] Neden Majestic Otel Do\u011fal g\u00fczelliklerle \u00e7evrili, \u00f6zenle dekore edilmi\u015f  [&#8230;]<\/p>\n","protected":false},"author":1,"featured_media":0,"parent":0,"menu_order":0,"comment_status":"closed","ping_status":"closed","template":"","meta":{"footnotes":""},"class_list":["post-261","page","type-page","status-publish","hentry"],"aioseo_notices":[],"_links":{"self":[{"href":"https:\/\/www.majesticoludeniz.com\/tr\/wp-json\/wp\/v2\/pages\/261","targetHints":{"allow":["GET"]}}],"collection":[{"href":"https:\/\/www.majesticoludeniz.com\/tr\/wp-json\/wp\/v2\/pages"}],"about":[{"href":"https:\/\/www.majesticoludeniz.com\/tr\/wp-json\/wp\/v2\/types\/page"}],"author":[{"embeddable":true,"href":"https:\/\/www.majesticoludeniz.com\/tr\/wp-json\/wp\/v2\/users\/1"}],"replies":[{"embeddable":true,"href":"https:\/\/www.majesticoludeniz.com\/tr\/wp-json\/wp\/v2\/comments?post=261"}],"version-history":[{"count":6,"href":"https:\/\/www.majesticoludeniz.com\/tr\/wp-json\/wp\/v2\/pages\/261\/revisions"}],"predecessor-version":[{"id":671,"href":"https:\/\/www.majesticoludeniz.com\/tr\/wp-json\/wp\/v2\/pages\/261\/revisions\/671"}],"wp:attachment":[{"href":"https:\/\/www.majesticoludeniz.com\/tr\/wp-json\/wp\/v2\/media?parent=261"}],"curies":[{"name":"wp","href":"https:\/\/api.w.org\/{rel}","templated":true}]}}